{"id":6242,"date":"2026-02-04T14:25:41","date_gmt":"2026-02-04T13:25:41","guid":{"rendered":"https:\/\/iso-tak.cz\/?page_id=6242"},"modified":"2026-02-04T14:43:27","modified_gmt":"2026-02-04T13:43:27","slug":"bs-68","status":"publish","type":"page","link":"https:\/\/iso-tak.cz\/?page_id=6242","title":{"rendered":"BS 6,8"},"content":{"rendered":"\t\t<div data-elementor-type=\"wp-page\" data-elementor-id=\"6242\" class=\"elementor elementor-6242\">\n\t\t\t\t\t\t<section class=\"elementor-section elementor-top-section elementor-element elementor-element-000aff7 elementor-section-boxed elementor-section-height-default elementor-section-height-default\" data-id=\"000aff7\" data-element_type=\"section\" data-e-type=\"section\" data-settings=\"{&quot;jet_parallax_layout_list&quot;:[]}\">\n\t\t\t\t\t\t<div class=\"elementor-container elementor-column-gap-default\">\n\t\t\t\t\t<div class=\"elementor-column elementor-col-100 elementor-top-column elementor-element elementor-element-3a41e7e\" data-id=\"3a41e7e\" data-element_type=\"column\" data-e-type=\"column\">\n\t\t\t<div class=\"elementor-widget-wrap elementor-element-populated\">\n\t\t\t\t\t\t<section class=\"elementor-section elementor-inner-section elementor-element elementor-element-8c3fd91 elementor-section-boxed elementor-section-height-default elementor-section-height-default\" data-id=\"8c3fd91\" data-element_type=\"section\" data-e-type=\"section\" data-settings=\"{&quot;jet_parallax_layout_list&quot;:[]}\">\n\t\t\t\t\t\t<div class=\"elementor-container elementor-column-gap-default\">\n\t\t\t\t\t<div class=\"elementor-column elementor-col-50 elementor-inner-column elementor-element elementor-element-db89437\" data-id=\"db89437\" data-element_type=\"column\" data-e-type=\"column\">\n\t\t\t<div class=\"elementor-widget-wrap elementor-element-populated\">\n\t\t\t\t\t\t<div class=\"elementor-element elementor-element-7f5525e elementor-widget elementor-widget-image\" data-id=\"7f5525e\" data-element_type=\"widget\" data-e-type=\"widget\" data-widget_type=\"image.default\">\n\t\t\t\t<div class=\"elementor-widget-container\">\n\t\t\t\t\t\t\t\t\t\t\t\t\t\t\t<img decoding=\"async\" width=\"300\" height=\"126\" src=\"http:\/\/iso-tak.cz\/wp-content\/uploads\/2026\/02\/BS-68-300x126.jpg\" class=\"attachment-medium size-medium wp-image-6244\" alt=\"\" srcset=\"http:\/\/iso-tak.cz\/wp-content\/uploads\/2026\/02\/BS-68-300x126.jpg 300w, http:\/\/iso-tak.cz\/wp-content\/uploads\/2026\/02\/BS-68-560x235.jpg 560w, http:\/\/iso-tak.cz\/wp-content\/uploads\/2026\/02\/BS-68-400x168.jpg 400w, http:\/\/iso-tak.cz\/wp-content\/uploads\/2026\/02\/BS-68-716x300.jpg 716w, http:\/\/iso-tak.cz\/wp-content\/uploads\/2026\/02\/BS-68.jpg 754w\" sizes=\"(max-width: 300px) 100vw, 300px\" \/>\t\t\t\t\t\t\t\t\t\t\t\t\t\t\t<\/div>\n\t\t\t\t<\/div>\n\t\t\t\t\t<\/div>\n\t\t<\/div>\n\t\t\t\t<div class=\"elementor-column elementor-col-50 elementor-inner-column elementor-element elementor-element-cae929f\" data-id=\"cae929f\" data-element_type=\"column\" data-e-type=\"column\">\n\t\t\t<div class=\"elementor-widget-wrap elementor-element-populated\">\n\t\t\t\t\t\t<div class=\"elementor-element elementor-element-15f0da2 elementor-widget elementor-widget-text-editor\" data-id=\"15f0da2\" data-element_type=\"widget\" data-e-type=\"widget\" data-widget_type=\"text-editor.default\">\n\t\t\t\t<div class=\"elementor-widget-container\">\n\t\t\t\t\t\t\t\t\t<p>\u0160rouby BS-6,8 jsou prim\u00e1rn\u011b ur\u010deny k uchycen\u00ed li\u0161t do tenkost\u011bnn\u00fdch panel\u016f, ale taky k uchycen\u00ed izolac\u00ed v kombinaci s podlo\u017ekami MW a teleskopick\u00fdmi hmo\u017edinkami RP50n a RP48n do st\u0159e\u0161n\u00edch panel\u016f s vrchn\u00edm plechem min.tlou\u0161\u0165ky 0,5mm<\/p>\t\t\t\t\t\t\t\t<\/div>\n\t\t\t\t<\/div>\n\t\t\t\t\t<\/div>\n\t\t<\/div>\n\t\t\t\t\t<\/div>\n\t\t<\/section>\n\t\t\t\t\t<\/div>\n\t\t<\/div>\n\t\t\t\t\t<\/div>\n\t\t<\/section>\n\t\t\t\t<section class=\"elementor-section elementor-top-section elementor-element elementor-element-9679b5f elementor-section-boxed elementor-section-height-default elementor-section-height-default\" data-id=\"9679b5f\" data-element_type=\"section\" data-e-type=\"section\" data-settings=\"{&quot;jet_parallax_layout_list&quot;:[]}\">\n\t\t\t\t\t\t<div class=\"elementor-container elementor-column-gap-default\">\n\t\t\t\t\t<div class=\"elementor-column elementor-col-100 elementor-top-column elementor-element elementor-element-6ee326f\" data-id=\"6ee326f\" data-element_type=\"column\" data-e-type=\"column\">\n\t\t\t<div class=\"elementor-widget-wrap elementor-element-populated\">\n\t\t\t\t\t\t<div class=\"elementor-element elementor-element-c6ebbc4 elementor-widget elementor-widget-text-editor\" data-id=\"c6ebbc4\" data-element_type=\"widget\" data-e-type=\"widget\" data-widget_type=\"text-editor.default\">\n\t\t\t\t<div class=\"elementor-widget-container\">\n\t\t\t\t\t\t\t\t\t<ul><li>hlava Torx 25<\/li><li>jemn\u00fd, \u0161irok\u00fd z\u00e1vit, zmen\u0161en\u00fd vrt\u00e1\u010dek<\/li><li>do plechu tlou\u0161\u0165ky 0,5 &#8211; 2&#215;1,25mm<\/li><li>korozn\u00ed odolnost 15 kesternycykl\u016f<\/li><li>d\u00e9lky 35 a 80mm<\/li><\/ul>\t\t\t\t\t\t\t\t<\/div>\n\t\t\t\t<\/div>\n\t\t\t\t\t<\/div>\n\t\t<\/div>\n\t\t\t\t\t<\/div>\n\t\t<\/section>\n\t\t\t\t<section class=\"elementor-section elementor-top-section elementor-element elementor-element-5ab6fa1 elementor-section-boxed elementor-section-height-default elementor-section-height-default\" data-id=\"5ab6fa1\" data-element_type=\"section\" data-e-type=\"section\" data-settings=\"{&quot;jet_parallax_layout_list&quot;:[]}\">\n\t\t\t\t\t\t<div class=\"elementor-container elementor-column-gap-default\">\n\t\t\t\t\t<div class=\"elementor-column elementor-col-50 elementor-top-column elementor-element elementor-element-e0dfad3\" data-id=\"e0dfad3\" data-element_type=\"column\" data-e-type=\"column\">\n\t\t\t<div class=\"elementor-widget-wrap elementor-element-populated\">\n\t\t\t\t\t\t<div class=\"elementor-element elementor-element-f0ba33c elementor-align-right elementor-widget elementor-widget-button\" data-id=\"f0ba33c\" data-element_type=\"widget\" data-e-type=\"widget\" data-widget_type=\"button.default\">\n\t\t\t\t<div class=\"elementor-widget-container\">\n\t\t\t\t\t\t\t\t\t<div class=\"elementor-button-wrapper\">\n\t\t\t\t\t<a class=\"elementor-button elementor-button-link elementor-size-sm\" href=\"https:\/\/iso-tak.cz\/?page_id=5029\">\n\t\t\t\t\t\t<span class=\"elementor-button-content-wrapper\">\n\t\t\t\t\t\t\t\t\t<span class=\"elementor-button-text\">p\u0159edchoz\u00ed str\u00e1nka<\/span>\n\t\t\t\t\t<\/span>\n\t\t\t\t\t<\/a>\n\t\t\t\t<\/div>\n\t\t\t\t\t\t\t\t<\/div>\n\t\t\t\t<\/div>\n\t\t\t\t\t<\/div>\n\t\t<\/div>\n\t\t\t\t<div class=\"elementor-column elementor-col-50 elementor-top-column elementor-element elementor-element-15af638\" data-id=\"15af638\" data-element_type=\"column\" data-e-type=\"column\">\n\t\t\t<div class=\"elementor-widget-wrap elementor-element-populated\">\n\t\t\t\t\t\t<div class=\"elementor-element elementor-element-2296f6e elementor-widget elementor-widget-button\" data-id=\"2296f6e\" data-element_type=\"widget\" data-e-type=\"widget\" data-widget_type=\"button.default\">\n\t\t\t\t<div class=\"elementor-widget-container\">\n\t\t\t\t\t\t\t\t\t<div class=\"elementor-button-wrapper\">\n\t\t\t\t\t<a class=\"elementor-button elementor-button-link elementor-size-sm\" href=\"https:\/\/iso-tak.cz\/?page_id=4975\">\n\t\t\t\t\t\t<span class=\"elementor-button-content-wrapper\">\n\t\t\t\t\t\t\t\t\t<span class=\"elementor-button-text\">n\u00e1sleduj\u00edc\u00ed str\u00e1nka<\/span>\n\t\t\t\t\t<\/span>\n\t\t\t\t\t<\/a>\n\t\t\t\t<\/div>\n\t\t\t\t\t\t\t\t<\/div>\n\t\t\t\t<\/div>\n\t\t\t\t\t<\/div>\n\t\t<\/div>\n\t\t\t\t\t<\/div>\n\t\t<\/section>\n\t\t\t\t<\/div>\n\t\t","protected":false},"excerpt":{"rendered":"<p>\u0160rouby BS-6,8 jsou prim\u00e1rn\u011b ur\u010deny k uchycen\u00ed li\u0161t do tenkost\u011bnn\u00fdch panel\u016f, ale taky k uchycen\u00ed izolac\u00ed v kombinaci s podlo\u017ekami MW a teleskopick\u00fdmi hmo\u017edinkami RP50n a RP48n do st\u0159e\u0161n\u00edch panel\u016f s vrchn\u00edm plechem min.tlou\u0161\u0165ky 0,5mm hlava Torx 25 jemn\u00fd, \u0161irok\u00fd z\u00e1vit, zmen\u0161en\u00fd vrt\u00e1\u010dek do plechu tlou\u0161\u0165ky 0,5 &#8211; 2&#215;1,25mm korozn\u00ed odolnost 15 kesternycykl\u016f d\u00e9lky 35 &hellip;<\/p>\n","protected":false},"author":3,"featured_media":0,"parent":0,"menu_order":0,"comment_status":"closed","ping_status":"closed","template":"","meta":{"_monsterinsights_skip_tracking":false,"_monsterinsights_sitenote_active":false,"_monsterinsights_sitenote_note":"","_monsterinsights_sitenote_category":0,"footnotes":""},"class_list":["post-6242","page","type-page","status-publish","hentry","no-thumb"],"aioseo_notices":[],"_links":{"self":[{"href":"https:\/\/iso-tak.cz\/index.php?rest_route=\/wp\/v2\/pages\/6242","targetHints":{"allow":["GET"]}}],"collection":[{"href":"https:\/\/iso-tak.cz\/index.php?rest_route=\/wp\/v2\/pages"}],"about":[{"href":"https:\/\/iso-tak.cz\/index.php?rest_route=\/wp\/v2\/types\/page"}],"author":[{"embeddable":true,"href":"https:\/\/iso-tak.cz\/index.php?rest_route=\/wp\/v2\/users\/3"}],"replies":[{"embeddable":true,"href":"https:\/\/iso-tak.cz\/index.php?rest_route=%2Fwp%2Fv2%2Fcomments&post=6242"}],"version-history":[{"count":7,"href":"https:\/\/iso-tak.cz\/index.php?rest_route=\/wp\/v2\/pages\/6242\/revisions"}],"predecessor-version":[{"id":6254,"href":"https:\/\/iso-tak.cz\/index.php?rest_route=\/wp\/v2\/pages\/6242\/revisions\/6254"}],"wp:attachment":[{"href":"https:\/\/iso-tak.cz\/index.php?rest_route=%2Fwp%2Fv2%2Fmedia&parent=6242"}],"curies":[{"name":"wp","href":"https:\/\/api.w.org\/{rel}","templated":true}]}}