{"id":4910,"date":"2019-04-09T13:49:01","date_gmt":"2019-04-09T11:49:01","guid":{"rendered":"http:\/\/isotak.platron.cz\/?page_id=4910"},"modified":"2025-05-15T12:28:46","modified_gmt":"2025-05-15T10:28:46","slug":"partneri","status":"publish","type":"page","link":"https:\/\/iso-tak.cz\/?page_id=4910","title":{"rendered":"Partne\u0159i"},"content":{"rendered":"\t\t<div data-elementor-type=\"wp-post\" data-elementor-id=\"4910\" class=\"elementor elementor-4910\">\n\t\t\t\t\t\t<section class=\"elementor-section elementor-top-section elementor-element elementor-element-cc5f1df elementor-section-boxed elementor-section-height-default elementor-section-height-default\" data-id=\"cc5f1df\" data-element_type=\"section\" data-e-type=\"section\" data-settings=\"{&quot;jet_parallax_layout_list&quot;:[{&quot;jet_parallax_layout_image&quot;:{&quot;url&quot;:&quot;&quot;,&quot;id&quot;:&quot;&quot;,&quot;size&quot;:&quot;&quot;},&quot;_id&quot;:&quot;1693fd7&quot;,&quot;jet_parallax_layout_image_tablet&quot;:{&quot;url&quot;:&quot;&quot;,&quot;id&quot;:&quot;&quot;,&quot;size&quot;:&quot;&quot;},&quot;jet_parallax_layout_image_mobile&quot;:{&quot;url&quot;:&quot;&quot;,&quot;id&quot;:&quot;&quot;,&quot;size&quot;:&quot;&quot;},&quot;jet_parallax_layout_speed&quot;:{&quot;unit&quot;:&quot;%&quot;,&quot;size&quot;:50,&quot;sizes&quot;:[]},&quot;jet_parallax_layout_type&quot;:&quot;scroll&quot;,&quot;jet_parallax_layout_direction&quot;:null,&quot;jet_parallax_layout_fx_direction&quot;:null,&quot;jet_parallax_layout_z_index&quot;:&quot;&quot;,&quot;jet_parallax_layout_bg_x&quot;:50,&quot;jet_parallax_layout_bg_x_tablet&quot;:&quot;&quot;,&quot;jet_parallax_layout_bg_x_mobile&quot;:&quot;&quot;,&quot;jet_parallax_layout_bg_y&quot;:50,&quot;jet_parallax_layout_bg_y_tablet&quot;:&quot;&quot;,&quot;jet_parallax_layout_bg_y_mobile&quot;:&quot;&quot;,&quot;jet_parallax_layout_bg_size&quot;:&quot;auto&quot;,&quot;jet_parallax_layout_bg_size_tablet&quot;:&quot;&quot;,&quot;jet_parallax_layout_bg_size_mobile&quot;:&quot;&quot;,&quot;jet_parallax_layout_animation_prop&quot;:&quot;transform&quot;,&quot;jet_parallax_layout_on&quot;:[&quot;desktop&quot;,&quot;tablet&quot;]}]}\">\n\t\t\t\t\t\t<div class=\"elementor-container elementor-column-gap-no\">\n\t\t\t\t\t<div class=\"elementor-column elementor-col-100 elementor-top-column elementor-element elementor-element-4d12d1e\" data-id=\"4d12d1e\" data-element_type=\"column\" data-e-type=\"column\">\n\t\t\t<div class=\"elementor-widget-wrap elementor-element-populated\">\n\t\t\t\t\t\t<div class=\"elementor-element elementor-element-495ae03 elementor-widget elementor-widget-spacer\" data-id=\"495ae03\" data-element_type=\"widget\" data-e-type=\"widget\" data-widget_type=\"spacer.default\">\n\t\t\t\t<div class=\"elementor-widget-container\">\n\t\t\t\t\t\t\t<div class=\"elementor-spacer\">\n\t\t\t<div class=\"elementor-spacer-inner\"><\/div>\n\t\t<\/div>\n\t\t\t\t\t\t<\/div>\n\t\t\t\t<\/div>\n\t\t\t\t<div class=\"elementor-element elementor-element-e6b50df elementor-widget elementor-widget-heading\" data-id=\"e6b50df\" data-element_type=\"widget\" data-e-type=\"widget\" data-widget_type=\"heading.default\">\n\t\t\t\t<div class=\"elementor-widget-container\">\n\t\t\t\t\t<h3 class=\"elementor-heading-title elementor-size-default\">Na\u0161i v\u00fdznamn\u00ed partne\u0159i<\/h3>\t\t\t\t<\/div>\n\t\t\t\t<\/div>\n\t\t\t\t<div class=\"elementor-element elementor-element-d9ea2eb elementor-widget elementor-widget-jet-brands\" data-id=\"d9ea2eb\" data-element_type=\"widget\" data-e-type=\"widget\" data-widget_type=\"jet-brands.default\">\n\t\t\t\t<div class=\"elementor-widget-container\">\n\t\t\t\t\t<div class=\"elementor-jet-brands jet-elements\"><div class=\"brands-wrap\">\n\t<div class=\"brands-list col-row\"><div class=\"brands-list__item col-desk-4 with-link \"><a href=\"http:\/\/www.icopal.cz\/o-nas\/Vedag.aspx\" class=\"brands-list__item-link\"><img decoding=\"async\" src=\"http:\/\/iso-tak.cz\/wp-content\/uploads\/2019\/04\/2.png\" alt=\"\" class=\"brands-list__item-img\"><\/a><\/div>\n<div class=\"brands-list__item col-desk-4 with-link \"><a href=\"http:\/\/www.pluvitec.cz\/\" class=\"brands-list__item-link\"><img decoding=\"async\" src=\"http:\/\/iso-tak.cz\/wp-content\/uploads\/2019\/04\/3.png\" alt=\"\" class=\"brands-list__item-img\"><\/a><\/div>\n<div class=\"brands-list__item col-desk-4 with-link \"><a href=\"https:\/\/www.kotvenioskera.cz\/\" class=\"brands-list__item-link\"><img decoding=\"async\" src=\"http:\/\/iso-tak.cz\/wp-content\/uploads\/2019\/04\/4.jpg\" alt=\"\" class=\"brands-list__item-img\"><\/a><\/div>\n<div class=\"brands-list__item col-desk-4 with-link \"><a href=\"https:\/\/www.fatrafol.cz\/\" class=\"brands-list__item-link\"><img decoding=\"async\" src=\"http:\/\/iso-tak.cz\/wp-content\/uploads\/2019\/04\/5.png\" alt=\"\" class=\"brands-list__item-img\"><\/a><\/div>\n<div class=\"brands-list__item col-desk-4 with-link \"><a href=\"https:\/\/www.izolace.cz\/\" class=\"brands-list__item-link\"><img decoding=\"async\" src=\"http:\/\/iso-tak.cz\/wp-content\/uploads\/2019\/04\/7.png\" alt=\"\" class=\"brands-list__item-img\"><\/a><\/div>\n<div class=\"brands-list__item col-desk-4 with-link \"><a href=\"http:\/\/www.kontroly-strech.cz\/\" class=\"brands-list__item-link\"><img decoding=\"async\" src=\"http:\/\/iso-tak.cz\/wp-content\/uploads\/2019\/04\/8.svg\" alt=\"\" class=\"brands-list__item-img\"><\/a><\/div>\n<div class=\"brands-list__item col-desk-4 with-link \"><a href=\"http:\/\/www.awal.cz\/\" class=\"brands-list__item-link\"><img decoding=\"async\" src=\"http:\/\/iso-tak.cz\/wp-content\/uploads\/2019\/04\/9.gif\" alt=\"\" class=\"brands-list__item-img\"><\/a><\/div>\n<div class=\"brands-list__item col-desk-4 with-link \"><a href=\"https:\/\/www.ekokom.cz\/\" class=\"brands-list__item-link\"><img decoding=\"async\" src=\"http:\/\/iso-tak.cz\/wp-content\/uploads\/2019\/04\/10.png\" alt=\"\" class=\"brands-list__item-img\"><\/a><\/div>\n<div class=\"brands-list__item col-desk-4 with-link \"><a href=\"http:\/\/www.constructech.se\/\" class=\"brands-list__item-link\"><img decoding=\"async\" src=\"http:\/\/iso-tak.cz\/wp-content\/uploads\/2019\/04\/11.png\" alt=\"\" class=\"brands-list__item-img\"><\/a><\/div>\n<div class=\"brands-list__item col-desk-4 with-link \"><a href=\"https:\/\/www.fixprofil.eu\/\" class=\"brands-list__item-link\"><img decoding=\"async\" src=\"http:\/\/iso-tak.cz\/wp-content\/uploads\/2024\/08\/fix.png\" alt=\"\" class=\"brands-list__item-img\"><\/a><\/div>\n<div class=\"brands-list__item col-desk-4 with-link \"><a href=\"http:\/\/www.topwet.cz\/\" class=\"brands-list__item-link\"><img decoding=\"async\" src=\"http:\/\/iso-tak.cz\/wp-content\/uploads\/2019\/04\/13.png\" alt=\"\" class=\"brands-list__item-img\"><\/a><\/div>\n<div class=\"brands-list__item col-desk-4 with-link \"><a href=\"https:\/\/constructionconsultants.cz\/\" class=\"brands-list__item-link\"><img decoding=\"async\" src=\"http:\/\/iso-tak.cz\/wp-content\/uploads\/2021\/04\/concon.png\" alt=\"\" class=\"brands-list__item-img\"><\/a><\/div>\n<div class=\"brands-list__item col-desk-4 with-link \"><a href=\"http:\/\/www.mvdata.cz\/\" class=\"brands-list__item-link\"><img decoding=\"async\" src=\"http:\/\/iso-tak.cz\/wp-content\/uploads\/2019\/08\/mvdata.jpg\" alt=\"\" class=\"brands-list__item-img\"><\/a><\/div>\n<div class=\"brands-list__item col-desk-4 with-link \"><a href=\"https:\/\/www.roofix.cz\/\" class=\"brands-list__item-link\"><img decoding=\"async\" src=\"http:\/\/iso-tak.cz\/wp-content\/uploads\/2024\/08\/roofix.png\" alt=\"\" class=\"brands-list__item-img\"><\/a><\/div>\n<div class=\"brands-list__item col-desk-4 with-link \"><a href=\"https:\/\/www.cech-kpt.cz\/cz\/uvod\/\" class=\"brands-list__item-link\"><img decoding=\"async\" src=\"http:\/\/iso-tak.cz\/wp-content\/uploads\/2020\/08\/CKP_kruh_cervena.png\" alt=\"\" class=\"brands-list__item-img\"><\/a><\/div>\n<div class=\"brands-list__item col-desk-4 with-link \"><a href=\"https:\/\/cz.sfs.com\" class=\"brands-list__item-link\"><img decoding=\"async\" src=\"http:\/\/iso-tak.cz\/wp-content\/uploads\/2024\/08\/SFS.png\" alt=\"\" class=\"brands-list__item-img\"><\/a><\/div>\n<div class=\"brands-list__item col-desk-4 with-link \"><a href=\"https:\/\/www.rokuc.cz\" class=\"brands-list__item-link\"><img decoding=\"async\" src=\"http:\/\/iso-tak.cz\/wp-content\/uploads\/2024\/01\/rokuc.png\" alt=\"\" class=\"brands-list__item-img\"><\/a><\/div>\n<div class=\"brands-list__item col-desk-4 with-link \"><a href=\"www.solatech.cz\" class=\"brands-list__item-link\"><img decoding=\"async\" src=\"http:\/\/iso-tak.cz\/wp-content\/uploads\/2024\/08\/solatech.png\" alt=\"\" class=\"brands-list__item-img\"><\/a><\/div>\n<\/div><\/div><\/div>\t\t\t\t<\/div>\n\t\t\t\t<\/div>\n\t\t\t\t<div class=\"elementor-element elementor-element-fe49127 elementor-widget elementor-widget-spacer\" data-id=\"fe49127\" data-element_type=\"widget\" data-e-type=\"widget\" data-widget_type=\"spacer.default\">\n\t\t\t\t<div class=\"elementor-widget-container\">\n\t\t\t\t\t\t\t<div class=\"elementor-spacer\">\n\t\t\t<div class=\"elementor-spacer-inner\"><\/div>\n\t\t<\/div>\n\t\t\t\t\t\t<\/div>\n\t\t\t\t<\/div>\n\t\t\t\t\t<\/div>\n\t\t<\/div>\n\t\t\t\t\t<\/div>\n\t\t<\/section>\n\t\t\t\t<\/div>\n\t\t","protected":false},"excerpt":{"rendered":"<p>Na\u0161i v\u00fdznamn\u00ed partne\u0159i<\/p>\n","protected":false},"author":1,"featured_media":0,"parent":0,"menu_order":0,"comment_status":"closed","ping_status":"closed","template":"","meta":{"_monsterinsights_skip_tracking":false,"_monsterinsights_sitenote_active":false,"_monsterinsights_sitenote_note":"","_monsterinsights_sitenote_category":0,"footnotes":""},"class_list":["post-4910","page","type-page","status-publish","hentry","no-thumb"],"aioseo_notices":[],"_links":{"self":[{"href":"https:\/\/iso-tak.cz\/index.php?rest_route=\/wp\/v2\/pages\/4910","targetHints":{"allow":["GET"]}}],"collection":[{"href":"https:\/\/iso-tak.cz\/index.php?rest_route=\/wp\/v2\/pages"}],"about":[{"href":"https:\/\/iso-tak.cz\/index.php?rest_route=\/wp\/v2\/types\/page"}],"author":[{"embeddable":true,"href":"https:\/\/iso-tak.cz\/index.php?rest_route=\/wp\/v2\/users\/1"}],"replies":[{"embeddable":true,"href":"https:\/\/iso-tak.cz\/index.php?rest_route=%2Fwp%2Fv2%2Fcomments&post=4910"}],"version-history":[{"count":31,"href":"https:\/\/iso-tak.cz\/index.php?rest_route=\/wp\/v2\/pages\/4910\/revisions"}],"predecessor-version":[{"id":6167,"href":"https:\/\/iso-tak.cz\/index.php?rest_route=\/wp\/v2\/pages\/4910\/revisions\/6167"}],"wp:attachment":[{"href":"https:\/\/iso-tak.cz\/index.php?rest_route=%2Fwp%2Fv2%2Fmedia&parent=4910"}],"curies":[{"name":"wp","href":"https:\/\/api.w.org\/{rel}","templated":true}]}}